{"id":810,"date":"2024-04-25T16:21:46","date_gmt":"2024-04-25T16:21:46","guid":{"rendered":"https:\/\/www.merkafarma.com\/blog\/?post_type=product&#038;p=810"},"modified":"2024-04-25T16:21:46","modified_gmt":"2024-04-25T16:21:46","slug":"preservativo-prudence-mix-c-5","status":"publish","type":"product","link":"https:\/\/www.merkafarma.com\/blog\/producto\/preservativo-prudence-mix-c-5\/","title":{"rendered":"Preservativo Prudence Mix C\/5"},"content":{"rendered":"<ul class=\"ui-vpp-highlighted-specs__features-list\">\n<li class=\"ui-vpp-highlighted-specs__features-list-item ui-pdp-color--BLACK ui-pdp-size--XSMALL ui-pdp-family--REGULAR\">Prudence Preservativos Sabor Y Aroma Mix 5 Piezas. Disfruta de una experiencia sensorial \u00fanica con esta selecci\u00f3n de condones, cada uno ofreciendo un sabor y aroma distintivo para una mayor diversi\u00f3n y placer en tus encuentros \u00edntimos. Este paquete incluye cinco preservativos, cada uno con una caracter\u00edstica especial que estimula los sentidos, asegurando seguridad y calidad en tus momentos de intimidad.<\/li>\n<\/ul>\n","protected":false},"excerpt":{"rendered":"<ul class=\"ui-vpp-highlighted-specs__features-list\">\n<li class=\"ui-vpp-highlighted-specs__features-list-item ui-pdp-color--BLACK ui-pdp-size--XSMALL ui-pdp-family--REGULAR\">Variedad de estilos para diferentes experiencias.<\/li>\n<li class=\"ui-vpp-highlighted-specs__features-list-item ui-pdp-color--BLACK ui-pdp-size--XSMALL ui-pdp-family--REGULAR\">Empaque con 5 unidades para mayor duraci\u00f3n del producto.<\/li>\n<\/ul>\n","protected":false},"featured_media":811,"comment_status":"open","ping_status":"closed","template":"","meta":[],"product_brand":[],"product_cat":[15],"product_tag":[],"class_list":{"0":"post-810","1":"product","2":"type-product","3":"status-publish","4":"has-post-thumbnail","6":"product_cat-sin-categorizar","8":"first","9":"instock","10":"shipping-taxable","11":"purchasable","12":"product-type-simple"},"_links":{"self":[{"href":"https:\/\/www.merkafarma.com\/blog\/wp-json\/wp\/v2\/product\/810","targetHints":{"allow":["GET"]}}],"collection":[{"href":"https:\/\/www.merkafarma.com\/blog\/wp-json\/wp\/v2\/product"}],"about":[{"href":"https:\/\/www.merkafarma.com\/blog\/wp-json\/wp\/v2\/types\/product"}],"replies":[{"embeddable":true,"href":"https:\/\/www.merkafarma.com\/blog\/wp-json\/wp\/v2\/comments?post=810"}],"wp:featuredmedia":[{"embeddable":true,"href":"https:\/\/www.merkafarma.com\/blog\/wp-json\/wp\/v2\/media\/811"}],"wp:attachment":[{"href":"https:\/\/www.merkafarma.com\/blog\/wp-json\/wp\/v2\/media?parent=810"}],"wp:term":[{"taxonomy":"product_brand","embeddable":true,"href":"https:\/\/www.merkafarma.com\/blog\/wp-json\/wp\/v2\/product_brand?post=810"},{"taxonomy":"product_cat","embeddable":true,"href":"https:\/\/www.merkafarma.com\/blog\/wp-json\/wp\/v2\/product_cat?post=810"},{"taxonomy":"product_tag","embeddable":true,"href":"https:\/\/www.merkafarma.com\/blog\/wp-json\/wp\/v2\/product_tag?post=810"}],"curies":[{"name":"wp","href":"https:\/\/api.w.org\/{rel}","templated":true}]}}