{"id":832,"date":"2024-04-26T17:32:44","date_gmt":"2024-04-26T17:32:44","guid":{"rendered":"https:\/\/www.merkafarma.com\/blog\/?post_type=product&#038;p=832"},"modified":"2024-04-26T17:32:44","modified_gmt":"2024-04-26T17:32:44","slug":"leche-de-formula-en-polvo-abbott-similac-total-comfort-en-lata-de-1-de-360g-0-a-12-meses","status":"publish","type":"product","link":"https:\/\/www.merkafarma.com\/blog\/producto\/leche-de-formula-en-polvo-abbott-similac-total-comfort-en-lata-de-1-de-360g-0-a-12-meses\/","title":{"rendered":"Leche de f\u00f3rmula en polvo Abbott Similac Total Comfort en lata de 1 de 360g &#8211; 0 a 12 meses"},"content":{"rendered":"<p>Similac te ofrece una f\u00f3rmula especialmente dise\u00f1ada para cuidar el sistema digestivo de tu lactante. Este producto puede ser una buena opci\u00f3n si tu beb\u00e9 tiene dificultad para tolerar otras f\u00f3rmulas a base de leche.<\/p>\n<p>Nutrici\u00f3n de primer nivel<br \/>\nDebido a su formato en polvo, este tipo de leche se conservar\u00e1 durante m\u00e1s tiempo, sin necesidad de ser refrigerada. A su vez, podr\u00e1s transportarla con gran facilidad y solo necesitar\u00e1s un poco de agua caliente para prepararla.<\/p>\n<p>M\u00e1s f\u00e1cil y segura<br \/>\nEl envase de lata est\u00e1 dise\u00f1ado especialmente para hacer la preparaci\u00f3n de la f\u00f3rmula infantil m\u00e1s f\u00e1cil y segura. Una vez abierta, podr\u00e1s conservar la misma garantizando su sabor y consistencia.<\/p>\n<p>Aviso legal<br \/>\n\u2022 Debe administrarse bajo supervisi\u00f3n m\u00e9dica.<\/p>\n","protected":false},"excerpt":{"rendered":"<p>Formula para bebes<\/p>\n","protected":false},"featured_media":833,"comment_status":"open","ping_status":"closed","template":"","meta":[],"product_brand":[],"product_cat":[23],"product_tag":[],"class_list":{"0":"post-832","1":"product","2":"type-product","3":"status-publish","4":"has-post-thumbnail","6":"product_cat-bebes","8":"first","9":"instock","10":"shipping-taxable","11":"purchasable","12":"product-type-simple"},"_links":{"self":[{"href":"https:\/\/www.merkafarma.com\/blog\/wp-json\/wp\/v2\/product\/832","targetHints":{"allow":["GET"]}}],"collection":[{"href":"https:\/\/www.merkafarma.com\/blog\/wp-json\/wp\/v2\/product"}],"about":[{"href":"https:\/\/www.merkafarma.com\/blog\/wp-json\/wp\/v2\/types\/product"}],"replies":[{"embeddable":true,"href":"https:\/\/www.merkafarma.com\/blog\/wp-json\/wp\/v2\/comments?post=832"}],"wp:featuredmedia":[{"embeddable":true,"href":"https:\/\/www.merkafarma.com\/blog\/wp-json\/wp\/v2\/media\/833"}],"wp:attachment":[{"href":"https:\/\/www.merkafarma.com\/blog\/wp-json\/wp\/v2\/media?parent=832"}],"wp:term":[{"taxonomy":"product_brand","embeddable":true,"href":"https:\/\/www.merkafarma.com\/blog\/wp-json\/wp\/v2\/product_brand?post=832"},{"taxonomy":"product_cat","embeddable":true,"href":"https:\/\/www.merkafarma.com\/blog\/wp-json\/wp\/v2\/product_cat?post=832"},{"taxonomy":"product_tag","embeddable":true,"href":"https:\/\/www.merkafarma.com\/blog\/wp-json\/wp\/v2\/product_tag?post=832"}],"curies":[{"name":"wp","href":"https:\/\/api.w.org\/{rel}","templated":true}]}}