{"id":834,"date":"2024-04-26T17:34:47","date_gmt":"2024-04-26T17:34:47","guid":{"rendered":"https:\/\/www.merkafarma.com\/blog\/?post_type=product&#038;p=834"},"modified":"2024-04-26T17:34:47","modified_gmt":"2024-04-26T17:34:47","slug":"leche-similac-total-comfort-2-de-1-a-3-anos-sabor-vainilla-sabor-natural","status":"publish","type":"product","link":"https:\/\/www.merkafarma.com\/blog\/producto\/leche-similac-total-comfort-2-de-1-a-3-anos-sabor-vainilla-sabor-natural\/","title":{"rendered":"Leche Similac Total Comfort 2 De 1 A 3 A\u00f1os Sabor Vainilla Sabor Natural"},"content":{"rendered":"<p>Similac Total Comfort 2 es una f\u00f3rmula dise\u00f1ada para ni\u00f1os de 1 a 3 a\u00f1os que facilita la digesti\u00f3n gracias a su prote\u00edna de f\u00e1cil digesti\u00f3n. Incorpora HMO para reforzar el sistema inmune, beneficiando la salud inmunol\u00f3gica y la digesti\u00f3n. Es ideal para peque\u00f1os que experimentan malestares gastrointestinales como estre\u00f1imiento, gases y c\u00f3licos.<\/p>\n<p>Este producto no contiene ole\u00edna de palma, lo que promueve heces m\u00e1s blandas y contribuye a una mejor absorci\u00f3n de calcio. Adem\u00e1s, cuenta con un bajo contenido de lactosa y est\u00e1 enriquecido con nucle\u00f3tidos, DHA y AA para el desarrollo integral de tu hijo.<\/p>\n<p>Aviso legal<br \/>\n\u2022 Debe administrarse bajo supervisi\u00f3n m\u00e9dica.<\/p>\n","protected":false},"excerpt":{"rendered":"<ul class=\"ui-pdp-features mt-24\">\n<li class=\"ui-pdp-features__item\">Sabor: Vainilla<\/li>\n<li class=\"ui-pdp-features__item\">Peso de la unidad: 820 g<\/li>\n<li class=\"ui-pdp-features__item\">Tipo de envase: lata.<\/li>\n<li class=\"ui-pdp-features__item\">Fuente importante de energ\u00eda.<\/li>\n<li class=\"ui-pdp-features__item\">Colabora en el desarrollo nutricional.<\/li>\n<li class=\"ui-pdp-features__item\">Las im\u00e1genes pueden ser ilustrativas.<\/li>\n<\/ul>\n","protected":false},"featured_media":835,"comment_status":"open","ping_status":"closed","template":"","meta":[],"product_brand":[],"product_cat":[23],"product_tag":[],"class_list":{"0":"post-834","1":"product","2":"type-product","3":"status-publish","4":"has-post-thumbnail","6":"product_cat-bebes","8":"first","9":"instock","10":"shipping-taxable","11":"purchasable","12":"product-type-simple"},"_links":{"self":[{"href":"https:\/\/www.merkafarma.com\/blog\/wp-json\/wp\/v2\/product\/834","targetHints":{"allow":["GET"]}}],"collection":[{"href":"https:\/\/www.merkafarma.com\/blog\/wp-json\/wp\/v2\/product"}],"about":[{"href":"https:\/\/www.merkafarma.com\/blog\/wp-json\/wp\/v2\/types\/product"}],"replies":[{"embeddable":true,"href":"https:\/\/www.merkafarma.com\/blog\/wp-json\/wp\/v2\/comments?post=834"}],"wp:featuredmedia":[{"embeddable":true,"href":"https:\/\/www.merkafarma.com\/blog\/wp-json\/wp\/v2\/media\/835"}],"wp:attachment":[{"href":"https:\/\/www.merkafarma.com\/blog\/wp-json\/wp\/v2\/media?parent=834"}],"wp:term":[{"taxonomy":"product_brand","embeddable":true,"href":"https:\/\/www.merkafarma.com\/blog\/wp-json\/wp\/v2\/product_brand?post=834"},{"taxonomy":"product_cat","embeddable":true,"href":"https:\/\/www.merkafarma.com\/blog\/wp-json\/wp\/v2\/product_cat?post=834"},{"taxonomy":"product_tag","embeddable":true,"href":"https:\/\/www.merkafarma.com\/blog\/wp-json\/wp\/v2\/product_tag?post=834"}],"curies":[{"name":"wp","href":"https:\/\/api.w.org\/{rel}","templated":true}]}}