{"id":844,"date":"2024-04-26T19:10:07","date_gmt":"2024-04-26T19:10:07","guid":{"rendered":"https:\/\/www.merkafarma.com\/blog\/?post_type=product&#038;p=844"},"modified":"2024-04-26T19:10:07","modified_gmt":"2024-04-26T19:10:07","slug":"sensor-freestyle-libre-sistema-flash-de-monitoreo-de-glucosa-caja-con-1-sensor","status":"publish","type":"product","link":"https:\/\/www.merkafarma.com\/blog\/producto\/sensor-freestyle-libre-sistema-flash-de-monitoreo-de-glucosa-caja-con-1-sensor\/","title":{"rendered":"Sensor FreeStyle Libre, Sistema Flash de Monitoreo de Glucosa (caja con 1 Sensor)"},"content":{"rendered":"<p>1 Sensor Freestyle Libre, Permite escanear el sensor a trav\u00e9s de la ropa y tiene una vida \u00fatil de 14 d\u00edas una vez colocado. Para realizar los escaneos es necesario un lector FreeStyle o la aplicaci\u00f3n en tu celular llamada FreeStyle Libre.<\/p>\n","protected":false},"excerpt":{"rendered":"<p>1 Sensor Freestyle Libre, Permite escanear el sensor a trav\u00e9s de la ropa y tiene una vida \u00fatil de 14 d\u00edas una vez colocado. Para realizar los escaneos es necesario un lector FreeStyle o la aplicaci\u00f3n en tu celular llamada FreeStyle Libre.<\/p>\n","protected":false},"featured_media":845,"comment_status":"open","ping_status":"closed","template":"","meta":[],"product_brand":[],"product_cat":[15],"product_tag":[],"class_list":{"0":"post-844","1":"product","2":"type-product","3":"status-publish","4":"has-post-thumbnail","6":"product_cat-sin-categorizar","8":"first","9":"instock","10":"shipping-taxable","11":"purchasable","12":"product-type-simple"},"_links":{"self":[{"href":"https:\/\/www.merkafarma.com\/blog\/wp-json\/wp\/v2\/product\/844","targetHints":{"allow":["GET"]}}],"collection":[{"href":"https:\/\/www.merkafarma.com\/blog\/wp-json\/wp\/v2\/product"}],"about":[{"href":"https:\/\/www.merkafarma.com\/blog\/wp-json\/wp\/v2\/types\/product"}],"replies":[{"embeddable":true,"href":"https:\/\/www.merkafarma.com\/blog\/wp-json\/wp\/v2\/comments?post=844"}],"wp:featuredmedia":[{"embeddable":true,"href":"https:\/\/www.merkafarma.com\/blog\/wp-json\/wp\/v2\/media\/845"}],"wp:attachment":[{"href":"https:\/\/www.merkafarma.com\/blog\/wp-json\/wp\/v2\/media?parent=844"}],"wp:term":[{"taxonomy":"product_brand","embeddable":true,"href":"https:\/\/www.merkafarma.com\/blog\/wp-json\/wp\/v2\/product_brand?post=844"},{"taxonomy":"product_cat","embeddable":true,"href":"https:\/\/www.merkafarma.com\/blog\/wp-json\/wp\/v2\/product_cat?post=844"},{"taxonomy":"product_tag","embeddable":true,"href":"https:\/\/www.merkafarma.com\/blog\/wp-json\/wp\/v2\/product_tag?post=844"}],"curies":[{"name":"wp","href":"https:\/\/api.w.org\/{rel}","templated":true}]}}