{"id":850,"date":"2024-04-26T19:26:11","date_gmt":"2024-04-26T19:26:11","guid":{"rendered":"https:\/\/www.merkafarma.com\/blog\/?post_type=product&#038;p=850"},"modified":"2024-04-26T19:26:11","modified_gmt":"2024-04-26T19:26:11","slug":"skemca-capecitabina-120-tabletas-500-miligramos","status":"publish","type":"product","link":"https:\/\/www.merkafarma.com\/blog\/producto\/skemca-capecitabina-120-tabletas-500-miligramos\/","title":{"rendered":"SKEMCA CAPECITABINA 120 Tabletas, 500 Miligramos"},"content":{"rendered":"<p>SKEMCA est\u00e1 indicado como\u00a0<b>tratamiento de primera l\u00ednea en pacientes con c\u00e1ncer g\u00e1strico localmente avanzado y metast\u00e1sico<\/b>. SKEMCA en combinaci\u00f3n con oxaliplatino est\u00e1 indicado como tratamiento adyuvante de los pacientes tras la resecci\u00f3n completa del adenocarcinoma g\u00e1strico etapa II y III.<\/p>\n","protected":false},"excerpt":{"rendered":"<p>SKEMCA est\u00e1 indicado como\u00a0tratamiento de primera l\u00ednea en pacientes con c\u00e1ncer g\u00e1strico localmente avanzado y metast\u00e1sico. SKEMCA en combinaci\u00f3n con oxaliplatino est\u00e1 indicado como tratamiento adyuvante de los pacientes tras la resecci\u00f3n completa del adenocarcinoma g\u00e1strico etapa II y III.<\/p>\n","protected":false},"featured_media":851,"comment_status":"open","ping_status":"closed","template":"","meta":[],"product_brand":[],"product_cat":[15],"product_tag":[],"class_list":{"0":"post-850","1":"product","2":"type-product","3":"status-publish","4":"has-post-thumbnail","6":"product_cat-sin-categorizar","8":"first","9":"instock","10":"shipping-taxable","11":"purchasable","12":"product-type-simple"},"_links":{"self":[{"href":"https:\/\/www.merkafarma.com\/blog\/wp-json\/wp\/v2\/product\/850","targetHints":{"allow":["GET"]}}],"collection":[{"href":"https:\/\/www.merkafarma.com\/blog\/wp-json\/wp\/v2\/product"}],"about":[{"href":"https:\/\/www.merkafarma.com\/blog\/wp-json\/wp\/v2\/types\/product"}],"replies":[{"embeddable":true,"href":"https:\/\/www.merkafarma.com\/blog\/wp-json\/wp\/v2\/comments?post=850"}],"wp:featuredmedia":[{"embeddable":true,"href":"https:\/\/www.merkafarma.com\/blog\/wp-json\/wp\/v2\/media\/851"}],"wp:attachment":[{"href":"https:\/\/www.merkafarma.com\/blog\/wp-json\/wp\/v2\/media?parent=850"}],"wp:term":[{"taxonomy":"product_brand","embeddable":true,"href":"https:\/\/www.merkafarma.com\/blog\/wp-json\/wp\/v2\/product_brand?post=850"},{"taxonomy":"product_cat","embeddable":true,"href":"https:\/\/www.merkafarma.com\/blog\/wp-json\/wp\/v2\/product_cat?post=850"},{"taxonomy":"product_tag","embeddable":true,"href":"https:\/\/www.merkafarma.com\/blog\/wp-json\/wp\/v2\/product_tag?post=850"}],"curies":[{"name":"wp","href":"https:\/\/api.w.org\/{rel}","templated":true}]}}